{"id":260,"date":"2024-09-13T08:06:32","date_gmt":"2024-09-13T06:06:32","guid":{"rendered":"http:\/\/www.psicologiacongracia.com\/?page_id=260"},"modified":"2024-09-13T08:07:03","modified_gmt":"2024-09-13T06:07:03","slug":"politica-de-cookies","status":"publish","type":"page","link":"https:\/\/www.psicologiacongracia.com\/index.php\/politica-de-cookies\/","title":{"rendered":"Pol\u00edtica de Cookies"},"content":{"rendered":"\n<p>En esta p\u00e1gina encontrar\u00e1 informaci\u00f3n de la Pol\u00edtica de recogida y tratamiento de cookies de&nbsp;https:\/\/psicologiacongracia.es\/. &nbsp;La p\u00e1gina que est\u00e1 usted visitando pertenece a&nbsp;<strong>Gracia Velasco Naval<\/strong>, con CIF 25736426R, y domicilio en Calle Sagitario 3, bloque 1 n\u00famero 22, Benalm\u00e1dena Costa, M\u00e1laga y de en adelante&nbsp;<strong>EL PRESTADOR<\/strong>.<\/p>\n\n\n\n<p>Una vez le\u00edda toda la informaci\u00f3n facilitada, avisamos al usuario que, si prosigue su navegaci\u00f3n por este sitio web sin haber configurado los navegadores para impedir la instalaci\u00f3n de las cookies empleadas por el mismo, en los t\u00e9rminos incluidos en el art\u00edculo 22.2 de la Ley 34\/2002 de Servicios de la Sociedad de la Informaci\u00f3n y Comercio Electr\u00f3nico, seg\u00fan la redacci\u00f3n del mismo dada por el RD 13\/2012 de 30 de marzo, estar\u00e1 prestando su consentimiento para el empleo de las cookies.<\/p>\n\n\n\n<p>La presente Pol\u00edtica de cookies podr\u00e1 ser modificada siempre que se produzcan cambios en la configuraci\u00f3n y\/o utilizaci\u00f3n de las mismas.&nbsp;<strong>EL PRESTADOR<\/strong>&nbsp;mantendr\u00e1 siempre publicada la versi\u00f3n actualizada en este sitio web haciendo constar su fecha de actualizaci\u00f3n al final de esta p\u00e1gina.<\/p>\n\n\n\n<p><strong>Informaci\u00f3n general al usuario: Definici\u00f3n y funci\u00f3n de las cookies.<\/strong><\/p>\n\n\n\n<p><strong>\u00bfQu\u00e9 son las cookies?<\/strong><\/p>\n\n\n\n<p>Una cookie es un archivo que se descarga en el ordenador o dispositivo del usuario al acceder a una p\u00e1gina web con el objeto de permitir almacenar y recuperar informaci\u00f3n sobre los h\u00e1bitos de navegaci\u00f3n del usuario o de su equipo y, dependiendo de la informaci\u00f3n que contengan y de la forma en que utilice su equipo, pueden utilizarse para reconocer un Usuario.<\/p>\n\n\n\n<p>Por poner algunos ejemplos, desde un punto de vista t\u00e9cnico, las cookies permiten que las p\u00e1ginas web funcionen de forma m\u00e1s \u00e1gil y adaptada a tus preferencias,&nbsp;<strong>EL PRESTADOR<\/strong>&nbsp;las utiliza, por ejemplo, para guardar los datos de su sesi\u00f3n.<\/p>\n\n\n\n<p>Del mismo modo, las cookies tambi\u00e9n permiten establecer niveles de protecci\u00f3n y seguridad con el objetivo de dificultar ciberataques contra el sitio web o contra nuestros usuarios.<\/p>\n\n\n\n<p>Tambi\u00e9n permiten recopilar datos estad\u00edsticos y an\u00f3nimos que nos permiten mejorar tu experiencia de navegaci\u00f3n; as\u00ed como realizar publicidad segmentada o adaptada a tus intereses.<\/p>\n\n\n\n<p><strong>\u00bfQu\u00e9 tipos de cookies puede encontrarse en los sitios web?<\/strong><\/p>\n\n\n\n<p><strong>Cookies exentas:<\/strong>&nbsp;Son las cookies sobre las que legalmente no es necesario informar u obtener el consentimiento para su uso. Se trata de cookies que permiten la comunicaci\u00f3n entre el equipo del usuario y la red, as\u00ed como las que estrictamente prestan un servicio expresamente solicitado por el usuario, como, por ejemplo:<\/p>\n\n\n\n<ul class=\"wp-block-list\">\n<li>Cookies de entrada del usuario.<\/li>\n\n\n\n<li>Cookies de autenticaci\u00f3n o identificaci\u00f3n de usuario (\u00fanicamente de sesi\u00f3n).<\/li>\n\n\n\n<li>Cookies de seguridad del usuario.<\/li>\n\n\n\n<li>Cookies de sesi\u00f3n de reproductor multimedia.<\/li>\n\n\n\n<li>Cookies de sesi\u00f3n para equilibrar la carga.<\/li>\n\n\n\n<li>Cookies de personalizaci\u00f3n de la interfaz de usuario.<\/li>\n\n\n\n<li>Cookies de complemento (plug-in) para intercambiar contenidos sociales.<\/li>\n<\/ul>\n\n\n\n<p>Dependiendo de qui\u00e9n sea la entidad que gestione el equipo o dominio desde donde se env\u00edan las cookies y trate los datos que se obtengan, las cookies pueden ser:<\/p>\n\n\n\n<ul class=\"wp-block-list\">\n<li><strong>Cookies propias:<\/strong>\u00a0Se env\u00edan al equipo, dispositivo o terminal del usuario desde un equipo o dominio gestionado por el titular de la web y desde el que se presta el servicio gestionado por el usuario. No se consideran cookies propias las instaladas desde un equipo o dominio gestionado por el responsable de la web pero que la informaci\u00f3n que se recoja mediante las cookies sea gestionada por un tercero.<\/li>\n\n\n\n<li><strong>Cookies de terceros:<\/strong>\u00a0Se env\u00edan al equipo, dispositivo o terminal del usuario desde un equipo o dominio no gestionado por el titular del sitio web, sino por otra entidad que trata los datos obtenidos a trav\u00e9s de las cookies.<\/li>\n<\/ul>\n\n\n\n<p>Por ejemplo, en nuestro caso, se consideran cookies de terceros aquellas que no han sido desarrolladas por o para&nbsp;<strong>EL PRESTADOR<\/strong>&nbsp;ejemplo, las usadas por redes sociales, o por complementos externos de contenido como Google Maps o Google Analytics.<\/p>\n\n\n\n<p>Dependiendo del plazo de tiempo que las cookies permanecen activadas en el equipo terminal, se clasifican en:<\/p>\n\n\n\n<ul class=\"wp-block-list\">\n<li><strong>Cookies de sesi\u00f3n:<\/strong>\u00a0Dise\u00f1adas para recabar y almacenar datos mientras el usuario accede a una p\u00e1gina web. Se suelen emplear para almacenar informaci\u00f3n que solo interesa conservar para la prestaci\u00f3n del servicio solicitado por el usuario en una sola ocasi\u00f3n. Son cookies temporales que permanecen en el archivo de cookies de su navegador hasta que abandone la p\u00e1gina web, por lo que ninguna queda registrada en el disco duro del usuario. La informaci\u00f3n obtenida por medio de estas cookies, sirven para analizar pautas de tr\u00e1fico en la web. A la larga, esto nos permite proporcionar una mejor experiencia para mejorar el contenido de la web y facilitar su usabilidad.<\/li>\n\n\n\n<li><strong>Cookies persistentes:<\/strong>\u00a0Son aquellas en las que los datos siguen almacenados en el equipo, dispositivo o terminal, y a los que puede accederse y ser tratados por el responsable de la cookie, durante un tiempo determinado que puede ir desde minutos a varios a\u00f1os. Son almacenadas en el disco duro y la web las detecta cada vez que el usuario realiza una nueva visita. Una cookie persistente posee una fecha de expiraci\u00f3n determinada. La cookie dejar\u00e1 de funcionar despu\u00e9s de esa fecha. Se utilizan generalmente para facilitar, por ejemplo, los servicios de registro.<\/li>\n\n\n\n<li><strong>Cookies de An\u00e1lisis:<\/strong>\u00a0Son aqu\u00e9llas que nos permiten cuantificar el n\u00famero de usuarios y as\u00ed realizar la medici\u00f3n y an\u00e1lisis estad\u00edstico de la utilizaci\u00f3n que hacen los usuarios de nuestros servicios, analizando la navegaci\u00f3n de los usuarios en nuestra web con el fin de mejorar la experiencia de navegaci\u00f3n y los servicios que ofrecemos.<\/li>\n\n\n\n<li><strong>Cookies de redes sociales:<\/strong>\u00a0Cada red social utiliza sus propias cookies, por ejemplo, para que el usuario pueda hacer click en botones de \u201cCompartir\u201d informaci\u00f3n, like, personalizar los botones de compartir, etc.<\/li>\n<\/ul>\n\n\n\n<p>Al hacer clic en los botones de nuestras redes sociales, es posible que algunas p\u00e1ginas de esta web instalen cookies de terceros a los usuarios, aunque no tengan perfil o cuentas en las diversas plataformas, siendo generalmente cookies de sesi\u00f3n que expiran al finalizar la misma. No es materialmente eficaz auditarlas, ya que las empresas gestoras de estas redes var\u00edan las cookies a instalar a menudo. A tal efecto ponemos a tu disposici\u00f3n las pol\u00edticas de privacidad y cookies de tales plataformas:<\/p>\n\n\n\n<p>Las cookies de Twitter (<a href=\"https:\/\/support.twitter.com\/articles\/20170514\">M\u00e1s informaci\u00f3n<\/a>), LinkedIn (<a href=\"https:\/\/www.linkedin.com\/?trk=login_reg_redirect\">M\u00e1s informaci\u00f3n<\/a>) y Facebook (<a href=\"https:\/\/www.facebook.com\/policies\/cookies\/\">M\u00e1s informaci\u00f3n<\/a>&gt;) se utilizan para habilitar el contenido para ser compartido en las redes sociales y poder hacer seguimiento del usuario (t\u00e9cnicas), as\u00ed como para contabilizar el n\u00famero de usuarios que ha visto nuestro perfil de la red social incluida en nuestro sitio web, para recopilar informaci\u00f3n sobre c\u00f3mo se comparte contenido del sitio web o para visualizar un comentario (an\u00e1lisis).<\/p>\n\n\n\n<p><strong>Cookies utilizadas por este Sitio Web y su finalidad.<\/strong><\/p>\n\n\n\n<p><strong>EL PRESTADOR<\/strong>, manifiesta que esta web, a la fecha de actualizaci\u00f3n de esta pol\u00edtica de cookies, utiliza las siguientes categor\u00edas de cookies:<\/p>\n\n\n\n<figure class=\"wp-block-table\"><table class=\"has-fixed-layout\"><tbody><tr><td><strong>Nombre<\/strong><\/td><td><strong>Propietario<\/strong><\/td><td><strong>Hasta<\/strong><\/td><td><strong>Finalidad<\/strong><\/td><td><strong>Tipo<\/strong><\/td><\/tr><tr><td>_ga<\/td><td>PROPIA<\/td><td>2022-04-21T16:18:25.000Z<\/td><td>Se utiliza para distinguir usuarios \u00fanicos mediante la<br>asignaci\u00f3n de un n\u00famero generado aleatoriamente<br>como un identificador de cliente.&nbsp;Se incluye en cada<br>solicitud de p\u00e1gina en un sitio y se utiliza para calcular<br>los datos de visitantes, sesiones y campa\u00f1as para los<br>informes anal\u00edticos de los sitios.&nbsp;De forma<br>predeterminada, caducar\u00e1 despu\u00e9s de 2 a\u00f1os,<br>aunque los propietarios del sitio web pueden<br>personalizarlo.<\/td><td>Rendimiento<\/td><\/tr><tr><td>_gat<\/td><td>PROPIA<\/td><td>2020-04-21T16:19:25.000Z<\/td><td>Asociado con Google Universal Analytics, de acuerdo<br>con la documentaci\u00f3n que se utiliza para regular la<br>tasa de solicitud, lo que limita la recopilaci\u00f3n de<br>datos en sitios de alto tr\u00e1fico<\/td><td>Rendimiento<\/td><\/tr><tr><td>_gid<\/td><td>PROPIA<\/td><td>2020-04-22T16:18:25.000Z<\/td><td><\/td><td><\/td><\/tr><\/tbody><\/table><\/figure>\n\n\n\n<p>Rogamos a los usuarios que, si tienen alguna discrepancia o creen que una cookie no est\u00e1 presente en el anterior listado, por favor, nos lo haga saber a trav\u00e9s de la secci\u00f3n de&nbsp;<a href=\"https:\/\/www.hiberus.com\/contactar-con-hiberus\">contacto<\/a>. El objetivo de esta lista de cookies es ayudar a reconocer las cookies en el navegador del usuario cuando visite esta web, as\u00ed como proporcionarte informaci\u00f3n para aceptarlas, bloquearlas o deshabilitarlas.<\/p>\n\n\n\n<p><strong>Desactivaci\u00f3n de cookies.<\/strong><\/p>\n\n\n\n<p>Dado que las cookies no son estrictamente necesarias para navegar por este sitio web, el usuario puede bloquearlas o deshabilitarlas, total o parcialmente, a trav\u00e9s de la configuraci\u00f3n de las opciones de su navegador de Internet. Todos los navegadores permiten el cambio en la configuraci\u00f3n de las cookies. Como usuario tienes la posibilidad de revocar en cualquier momento el consentimiento prestado para la utilizaci\u00f3n de cookies por parte de&nbsp;<strong>EL PRESTADOR<\/strong>, configurando para ello tu navegador. Para deshabilitar las cookies modificando la configuraci\u00f3n de tu navegador, puede seguir las instrucciones que especifica cada navegador:<\/p>\n\n\n\n<ul class=\"wp-block-list\">\n<li><a href=\"https:\/\/support.google.com\/chrome\/answer\/95647?hl=es\">Chrome.<\/a><\/li>\n\n\n\n<li><a href=\"https:\/\/support.google.com\/chrome\/answer\/114662?hl=es&amp;rd=1\">Chrome para Android.<\/a><\/li>\n\n\n\n<li><a href=\"https:\/\/support.mozilla.org\/es\/kb\/habilitar-y-deshabilitar-cookies-sitios-web-rastrear-preferencias?redirectlocale=es&amp;redirectslug=habilitar-y-deshabilitar-cookies-que-los-sitios-we\">Firefox.<\/a><\/li>\n\n\n\n<li><a href=\"https:\/\/support.microsoft.com\/en-us\/products\/windows?os=windows-10\">Explorer.<\/a><\/li>\n\n\n\n<li><a href=\"https:\/\/support.apple.com\/kb\/ph5042?locale=en_US\">Safari.<\/a><\/li>\n\n\n\n<li><a href=\"https:\/\/support.apple.com\/kb\/ph5042?locale=en_US\">Safari para IOS (iPhone y iPad).<\/a><\/li>\n\n\n\n<li><a href=\"https:\/\/privacy.microsoft.com\/en-us\/windows-10-microsoft-edge-and-privacy\">Windows 10: Microsoft Edge.<\/a><\/li>\n<\/ul>\n\n\n\n<p>Adem\u00e1s, si no deseas que tus datos se recopilen con Google Analytics, puedes instalar su complemento de inhabilitaci\u00f3n para navegadores. M\u00e1s informaci\u00f3n&nbsp;<a href=\"https:\/\/support.google.com\/analytics\/answer\/181881?hl=es&amp;ref_topic=2919631\">aqu\u00ed<\/a>.<\/p>\n\n\n\n<p>Finalmente, el usuario puede dirigirse al portal&nbsp;<a href=\"http:\/\/www.youronlinechoices.eu\/\">Your Online Choices<\/a>&nbsp;d\u00f3nde, adem\u00e1s de encontrar informaci\u00f3n \u00fatil, podr\u00e1 configurar, proveedor por proveedor, sus preferencias sobre las cookies publicitarias de terceros.<\/p>\n\n\n\n<p><strong>Modificaci\u00f3n.<\/strong><\/p>\n\n\n\n<p><strong>EL PRESTADOR<\/strong>&nbsp;puede actualizar y modificar esta Pol\u00edtica de Cookies en funci\u00f3n de nuevas exigencias de la normativa aplicable o con la finalidad de adaptar dicha pol\u00edtica a las instrucciones dictadas por la Agencia Espa\u00f1ola de Protecci\u00f3n de Datos.<\/p>\n\n\n\n<p><strong>Responsabilidades y exenciones.<\/strong><\/p>\n\n\n\n<p><strong>EL PRESTADOR<\/strong>&nbsp;no se hace responsable del contenido, ni de la veracidad, ni de la actualizaci\u00f3n de las pol\u00edticas de privacidad que puedan tener los terceros mencionados en esta pol\u00edtica de cookies.<\/p>\n\n\n\n<p>Los navegadores web son las herramientas encargadas de almacenar las cookies y, es desde estos sitios desde donde debe efectuar su derecho a eliminaci\u00f3n o desactivaci\u00f3n de las mismas.&nbsp;<strong>EL PRESTADOR<\/strong>&nbsp;no puede garantizar el correcto o incorrecto tratamiento de las cookies por parte de los mencionados navegadores.<\/p>\n\n\n\n<p>En algunos casos es necesario instalar cookies para que el navegador no olvide su decisi\u00f3n de no aceptaci\u00f3n de las mismas.<\/p>\n\n\n\n<p><strong>EL PRESTADOR<\/strong>&nbsp;actualizar\u00e1 los hiperv\u00ednculos proporcionados en esta pol\u00edtica de cookies de forma regular. Sin embargo, es posible que, en algunos momentos, \u00e9stos no correspondan con la \u00faltima versi\u00f3n publicada por el desarrollador de cada navegador.<\/p>\n\n\n\n<p>Puede ocurrir que algunas cookies utilizadas en este sitio web no est\u00e9n relacionadas con una acci\u00f3n expresa de EL&nbsp;<strong>PRESTADOR<\/strong>. Ello se debe a que algunas p\u00e1ginas del sitio web tienen insertado contenido procedente de webs de terceras partes. Debido a que, en tales casos, el referido contenido procede de otra web,&nbsp;<strong>EL PRESTADOR<\/strong>&nbsp;no se responsabiliza del control de configuraci\u00f3n de dichas cookies.<\/p>\n\n\n\n<p>Si Ud quiere cambiar sus preferencias de configuraci\u00f3n de cookies, deber\u00e1 consultar los sitios web de dichas terceras partes para obtener informaci\u00f3n, conforme a la informaci\u00f3n facilitada m\u00e1s arriba.<\/p>\n\n\n\n<p>Si desea tener un mayor control sobre la instalaci\u00f3n de cookies, puede instalar programas o complementos a su navegador, conocidos como herramientas de \u201cDo Not Track\u201d, que le permitir\u00e1n escoger aquellas cookies que desea permitir.<\/p>\n\n\n\n<p>Para cualquier duda o consulta acerca de esta pol\u00edtica de cookies no dude en comunicarse con nosotros a trav\u00e9s de la secci\u00f3n de contacto.<\/p>\n","protected":false},"excerpt":{"rendered":"<p>En esta p\u00e1gina encontrar\u00e1 informaci\u00f3n de la Pol\u00edtica de recogida y tratamiento de cookies de&nbsp;https:\/\/psicologiacongracia.es\/. &nbsp;La p\u00e1gina que est\u00e1 usted [&hellip;]<\/p>\n","protected":false},"author":1,"featured_media":0,"parent":0,"menu_order":0,"comment_status":"closed","ping_status":"closed","template":"","meta":{"site-sidebar-layout":"default","site-content-layout":"","ast-site-content-layout":"","site-content-style":"default","site-sidebar-style":"default","ast-global-header-display":"","ast-banner-title-visibility":"","ast-main-header-display":"","ast-hfb-above-header-display":"","ast-hfb-below-header-display":"","ast-hfb-mobile-header-display":"","site-post-title":"","ast-breadcrumbs-content":"","ast-featured-img":"","footer-sml-layout":"","theme-transparent-header-meta":"","adv-header-id-meta":"","stick-header-meta":"","header-above-stick-meta":"","header-main-stick-meta":"","header-below-stick-meta":"","astra-migrate-meta-layouts":"default","ast-page-background-enabled":"default","ast-page-background-meta":{"desktop":{"background-color":"var(--ast-global-color-4)","background-image":"","background-repeat":"repeat","background-position":"center center","background-size":"auto","background-attachment":"scroll","background-type":"","background-media":"","overlay-type":"","overlay-color":"","overlay-opacity":"","overlay-gradient":""},"tablet":{"background-color":"","background-image":"","background-repeat":"repeat","background-position":"center center","background-size":"auto","background-attachment":"scroll","background-type":"","background-media":"","overlay-type":"","overlay-color":"","overlay-opacity":"","overlay-gradient":""},"mobile":{"background-color":"","background-image":"","background-repeat":"repeat","background-position":"center center","background-size":"auto","background-attachment":"scroll","background-type":"","background-media":"","overlay-type":"","overlay-color":"","overlay-opacity":"","overlay-gradient":""}},"ast-content-background-meta":{"desktop":{"background-color":"var(--ast-global-color-5)","background-image":"","background-repeat":"repeat","background-position":"center center","background-size":"auto","background-attachment":"scroll","background-type":"","background-media":"","overlay-type":"","overlay-color":"","overlay-opacity":"","overlay-gradient":""},"tablet":{"background-color":"var(--ast-global-color-5)","background-image":"","background-repeat":"repeat","background-position":"center center","background-size":"auto","background-attachment":"scroll","background-type":"","background-media":"","overlay-type":"","overlay-color":"","overlay-opacity":"","overlay-gradient":""},"mobile":{"background-color":"var(--ast-global-color-5)","background-image":"","background-repeat":"repeat","background-position":"center center","background-size":"auto","background-attachment":"scroll","background-type":"","background-media":"","overlay-type":"","overlay-color":"","overlay-opacity":"","overlay-gradient":""}},"_joinchat":[],"footnotes":""},"class_list":["post-260","page","type-page","status-publish","hentry"],"yoast_head":"<!-- This site is optimized with the Yoast SEO plugin v23.6 - https:\/\/yoast.com\/wordpress\/plugins\/seo\/ -->\n<title>Pol\u00edtica de Cookies - Psicolog\u00eda con Gracia<\/title>\n<meta name=\"robots\" content=\"index, follow, max-snippet:-1, max-image-preview:large, max-video-preview:-1\" \/>\n<link rel=\"canonical\" href=\"https:\/\/www.psicologiacongracia.com\/index.php\/politica-de-cookies\/\" \/>\n<meta property=\"og:locale\" content=\"es_ES\" \/>\n<meta property=\"og:type\" content=\"article\" \/>\n<meta property=\"og:title\" content=\"Pol\u00edtica de Cookies - Psicolog\u00eda con Gracia\" \/>\n<meta property=\"og:description\" content=\"En esta p\u00e1gina encontrar\u00e1 informaci\u00f3n de la Pol\u00edtica de recogida y tratamiento de cookies de&nbsp;https:\/\/psicologiacongracia.es\/. &nbsp;La p\u00e1gina que est\u00e1 usted [&hellip;]\" \/>\n<meta property=\"og:url\" content=\"https:\/\/www.psicologiacongracia.com\/index.php\/politica-de-cookies\/\" \/>\n<meta property=\"og:site_name\" content=\"Psicolog\u00eda con Gracia\" \/>\n<meta property=\"article:modified_time\" content=\"2024-09-13T06:07:03+00:00\" \/>\n<meta name=\"twitter:card\" content=\"summary_large_image\" \/>\n<meta name=\"twitter:label1\" content=\"Tiempo de lectura\" \/>\n\t<meta name=\"twitter:data1\" content=\"10 minutos\" \/>\n<script type=\"application\/ld+json\" class=\"yoast-schema-graph\">{\"@context\":\"https:\/\/schema.org\",\"@graph\":[{\"@type\":\"WebPage\",\"@id\":\"https:\/\/www.psicologiacongracia.com\/index.php\/politica-de-cookies\/\",\"url\":\"https:\/\/www.psicologiacongracia.com\/index.php\/politica-de-cookies\/\",\"name\":\"Pol\u00edtica de Cookies - Psicolog\u00eda con Gracia\",\"isPartOf\":{\"@id\":\"https:\/\/www.psicologiacongracia.com\/#website\"},\"datePublished\":\"2024-09-13T06:06:32+00:00\",\"dateModified\":\"2024-09-13T06:07:03+00:00\",\"breadcrumb\":{\"@id\":\"https:\/\/www.psicologiacongracia.com\/index.php\/politica-de-cookies\/#breadcrumb\"},\"inLanguage\":\"es\",\"potentialAction\":[{\"@type\":\"ReadAction\",\"target\":[\"https:\/\/www.psicologiacongracia.com\/index.php\/politica-de-cookies\/\"]}]},{\"@type\":\"BreadcrumbList\",\"@id\":\"https:\/\/www.psicologiacongracia.com\/index.php\/politica-de-cookies\/#breadcrumb\",\"itemListElement\":[{\"@type\":\"ListItem\",\"position\":1,\"name\":\"Portada\",\"item\":\"https:\/\/www.psicologiacongracia.com\/\"},{\"@type\":\"ListItem\",\"position\":2,\"name\":\"Pol\u00edtica de Cookies\"}]},{\"@type\":\"WebSite\",\"@id\":\"https:\/\/www.psicologiacongracia.com\/#website\",\"url\":\"https:\/\/www.psicologiacongracia.com\/\",\"name\":\"Psicolog\u00eda con Gracia\",\"description\":\"Tu espacio seguro para crecer y sanar.\u200b\",\"publisher\":{\"@id\":\"https:\/\/www.psicologiacongracia.com\/#organization\"},\"potentialAction\":[{\"@type\":\"SearchAction\",\"target\":{\"@type\":\"EntryPoint\",\"urlTemplate\":\"https:\/\/www.psicologiacongracia.com\/?s={search_term_string}\"},\"query-input\":{\"@type\":\"PropertyValueSpecification\",\"valueRequired\":true,\"valueName\":\"search_term_string\"}}],\"inLanguage\":\"es\"},{\"@type\":\"Organization\",\"@id\":\"https:\/\/www.psicologiacongracia.com\/#organization\",\"name\":\"Psicolog\u00eda con Gracia\",\"url\":\"https:\/\/www.psicologiacongracia.com\/\",\"logo\":{\"@type\":\"ImageObject\",\"inLanguage\":\"es\",\"@id\":\"https:\/\/www.psicologiacongracia.com\/#\/schema\/logo\/image\/\",\"url\":\"https:\/\/www.psicologiacongracia.com\/wp-content\/uploads\/2024\/09\/Logo.svg\",\"contentUrl\":\"https:\/\/www.psicologiacongracia.com\/wp-content\/uploads\/2024\/09\/Logo.svg\",\"width\":1080,\"height\":1639,\"caption\":\"Psicolog\u00eda con Gracia\"},\"image\":{\"@id\":\"https:\/\/www.psicologiacongracia.com\/#\/schema\/logo\/image\/\"}}]}<\/script>\n<!-- \/ Yoast SEO plugin. -->","yoast_head_json":{"title":"Pol\u00edtica de Cookies - Psicolog\u00eda con Gracia","robots":{"index":"index","follow":"follow","max-snippet":"max-snippet:-1","max-image-preview":"max-image-preview:large","max-video-preview":"max-video-preview:-1"},"canonical":"https:\/\/www.psicologiacongracia.com\/index.php\/politica-de-cookies\/","og_locale":"es_ES","og_type":"article","og_title":"Pol\u00edtica de Cookies - Psicolog\u00eda con Gracia","og_description":"En esta p\u00e1gina encontrar\u00e1 informaci\u00f3n de la Pol\u00edtica de recogida y tratamiento de cookies de&nbsp;https:\/\/psicologiacongracia.es\/. &nbsp;La p\u00e1gina que est\u00e1 usted [&hellip;]","og_url":"https:\/\/www.psicologiacongracia.com\/index.php\/politica-de-cookies\/","og_site_name":"Psicolog\u00eda con Gracia","article_modified_time":"2024-09-13T06:07:03+00:00","twitter_card":"summary_large_image","twitter_misc":{"Tiempo de lectura":"10 minutos"},"schema":{"@context":"https:\/\/schema.org","@graph":[{"@type":"WebPage","@id":"https:\/\/www.psicologiacongracia.com\/index.php\/politica-de-cookies\/","url":"https:\/\/www.psicologiacongracia.com\/index.php\/politica-de-cookies\/","name":"Pol\u00edtica de Cookies - Psicolog\u00eda con Gracia","isPartOf":{"@id":"https:\/\/www.psicologiacongracia.com\/#website"},"datePublished":"2024-09-13T06:06:32+00:00","dateModified":"2024-09-13T06:07:03+00:00","breadcrumb":{"@id":"https:\/\/www.psicologiacongracia.com\/index.php\/politica-de-cookies\/#breadcrumb"},"inLanguage":"es","potentialAction":[{"@type":"ReadAction","target":["https:\/\/www.psicologiacongracia.com\/index.php\/politica-de-cookies\/"]}]},{"@type":"BreadcrumbList","@id":"https:\/\/www.psicologiacongracia.com\/index.php\/politica-de-cookies\/#breadcrumb","itemListElement":[{"@type":"ListItem","position":1,"name":"Portada","item":"https:\/\/www.psicologiacongracia.com\/"},{"@type":"ListItem","position":2,"name":"Pol\u00edtica de Cookies"}]},{"@type":"WebSite","@id":"https:\/\/www.psicologiacongracia.com\/#website","url":"https:\/\/www.psicologiacongracia.com\/","name":"Psicolog\u00eda con Gracia","description":"Tu espacio seguro para crecer y sanar.\u200b","publisher":{"@id":"https:\/\/www.psicologiacongracia.com\/#organization"},"potentialAction":[{"@type":"SearchAction","target":{"@type":"EntryPoint","urlTemplate":"https:\/\/www.psicologiacongracia.com\/?s={search_term_string}"},"query-input":{"@type":"PropertyValueSpecification","valueRequired":true,"valueName":"search_term_string"}}],"inLanguage":"es"},{"@type":"Organization","@id":"https:\/\/www.psicologiacongracia.com\/#organization","name":"Psicolog\u00eda con Gracia","url":"https:\/\/www.psicologiacongracia.com\/","logo":{"@type":"ImageObject","inLanguage":"es","@id":"https:\/\/www.psicologiacongracia.com\/#\/schema\/logo\/image\/","url":"https:\/\/www.psicologiacongracia.com\/wp-content\/uploads\/2024\/09\/Logo.svg","contentUrl":"https:\/\/www.psicologiacongracia.com\/wp-content\/uploads\/2024\/09\/Logo.svg","width":1080,"height":1639,"caption":"Psicolog\u00eda con Gracia"},"image":{"@id":"https:\/\/www.psicologiacongracia.com\/#\/schema\/logo\/image\/"}}]}},"_links":{"self":[{"href":"https:\/\/www.psicologiacongracia.com\/index.php\/wp-json\/wp\/v2\/pages\/260","targetHints":{"allow":["GET"]}}],"collection":[{"href":"https:\/\/www.psicologiacongracia.com\/index.php\/wp-json\/wp\/v2\/pages"}],"about":[{"href":"https:\/\/www.psicologiacongracia.com\/index.php\/wp-json\/wp\/v2\/types\/page"}],"author":[{"embeddable":true,"href":"https:\/\/www.psicologiacongracia.com\/index.php\/wp-json\/wp\/v2\/users\/1"}],"replies":[{"embeddable":true,"href":"https:\/\/www.psicologiacongracia.com\/index.php\/wp-json\/wp\/v2\/comments?post=260"}],"version-history":[{"count":2,"href":"https:\/\/www.psicologiacongracia.com\/index.php\/wp-json\/wp\/v2\/pages\/260\/revisions"}],"predecessor-version":[{"id":262,"href":"https:\/\/www.psicologiacongracia.com\/index.php\/wp-json\/wp\/v2\/pages\/260\/revisions\/262"}],"wp:attachment":[{"href":"https:\/\/www.psicologiacongracia.com\/index.php\/wp-json\/wp\/v2\/media?parent=260"}],"curies":[{"name":"wp","href":"https:\/\/api.w.org\/{rel}","templated":true}]}}