{"id":266,"date":"2024-09-13T08:09:36","date_gmt":"2024-09-13T06:09:36","guid":{"rendered":"http:\/\/www.psicologiacongracia.com\/?page_id=266"},"modified":"2024-09-13T08:17:22","modified_gmt":"2024-09-13T06:17:22","slug":"politica-de-privacidad","status":"publish","type":"page","link":"https:\/\/www.psicologiacongracia.com\/index.php\/politica-de-privacidad\/","title":{"rendered":"Pol\u00edtica de Privacidad"},"content":{"rendered":"\n<p>El sitio web\u00a0https:\/\/psicologiacongracia.es\/ es propiedad de\u00a0<strong>Gracia Velasco Naval<\/strong>, con CIF 25736426R, y domicilio en Calle Sagitario 3, bloque 1 n\u00famero 22, Benalm\u00e1dena Costa, M\u00e1laga y de en adelante\u00a0<strong>EL PRESTADOR<\/strong><\/p>\n\n\n\n<p>Nuestra entidad se encuentra profundamente comprometido con el cumplimiento de la normativa de protecci\u00f3n de datos de car\u00e1cter personal, y garantiza el cumplimiento \u00edntegro de las obligaciones dispuestas en dichas normas<\/p>\n\n\n\n<p>Podr\u00e1 ponerse en contacto con nosotros a trav\u00e9s de las siguientes v\u00edas:<\/p>\n\n\n\n<ul class=\"wp-block-list\">\n<li>Correo electr\u00f3nico:\u00a0graciavelasconaval@gmail.com<\/li>\n<\/ul>\n\n\n\n<p>Todas las notificaciones y comunicaciones entre EL USUARIO y EL PRESTADOR se considerar\u00e1n eficaces, a todos los efectos, cuando se realicen a trav\u00e9s de cualquier v\u00eda de las detallados anteriormente.<\/p>\n\n\n\n<p>La direcci\u00f3n postal habilitada es la \u00fanica v\u00e1lida para el ejercicio de los derechos de acceso, rectificaci\u00f3n, cancelaci\u00f3n u oposici\u00f3n y otros, que podr\u00e1 hacerlos efectivo mediante escrito acreditando su identidad.<\/p>\n\n\n\n<p>Igualmente podr\u00e1 revocar cualquier autorizaci\u00f3n otorgada previamente por esta misma v\u00eda o a trav\u00e9s del correo electr\u00f3nico indicado.<\/p>\n\n\n\n<p><strong>TRATAMIENTO DE DATOS PERSONALES<\/strong><\/p>\n\n\n\n<p>Ponemos a disposici\u00f3n de los usuarios esta&nbsp;<strong>Pol\u00edtica de Privacidad<\/strong>&nbsp;informando respecto a los siguientes aspectos:<\/p>\n\n\n\n<p><strong>\u00bfQui\u00e9n es el responsable del tratamiento de sus datos?&nbsp;<\/strong><strong>Gracia Velasco Naval<\/strong>, con CIF 25736426R, y domicilio en Calle Sagitario 3, bloque 1 n\u00famero 22, Benalm\u00e1dena Costa, M\u00e1laga.<\/p>\n\n\n\n<p>Ponemos a disposici\u00f3n de los usuarios esta&nbsp;<strong>Pol\u00edtica de Privacidad<\/strong>&nbsp;informando respecto a los siguientes aspectos:<\/p>\n\n\n\n<p>Nuestro Registro de Actividades de tratamiento es el si guiente:<\/p>\n\n\n\n<p>Tratamiento<\/p>\n\n\n\n<ol class=\"wp-block-list\">\n<li>Gesti\u00f3n de clientes<\/li>\n\n\n\n<li>Gesti\u00f3n de potenciales clientes y contactos<\/li>\n\n\n\n<li>Gesti\u00f3n de proveedores<\/li>\n<\/ol>\n\n\n\n<p>\u00bfCu\u00e1les son sus derechos cuando nos facilita sus datos? Cualquier persona tiene derecho a obtener confirmaci\u00f3n sobre si estamos tratando datos personales que les conciernan, o no. Las personas interesadas tienen derecho a acceder a sus datos personales, as\u00ed como a solicitar la rectificaci\u00f3n de los datos inexactos o, en su caso, solicitar su supresi\u00f3n cuando, entre otros motivos, los datos ya no sean necesarios para los fines que fueron recogidos.<\/p>\n\n\n\n<p>En determinadas circunstancias, los interesados podr\u00e1n solicitar la limitaci\u00f3n del tratamiento de sus datos, en cuyo caso \u00fanicamente los conservaremos para el ejercicio o la defensa de reclamaciones. En determinadas circunstancias y por motivos relacionados con su situaci\u00f3n particular, los interesados podr\u00e1n oponerse al tratamiento de sus datos. En este caso, dejaremos de tratar los datos, salvo por motivos leg\u00edtimos imperiosos, o el ejercicio o la defensa de posibles reclamaciones. Tambi\u00e9n tendr\u00e1n derecho a la portabilidad de sus datos.<\/p>\n\n\n\n<p>Podr\u00e1 ejercitar materialmente sus derechos dirigi\u00e9ndose a la direcci\u00f3n del responsable del tratamiento acreditando su identidad.<\/p>\n\n\n\n<p>Si ha otorgado su consentimiento para alguna finalidad concreta, tiene derecho a retirar el consentimiento otorgado en cualquier momento, sin que ello afecte a la licitud del tratamiento basado en el consentimiento previo a su retirada.<\/p>\n\n\n\n<p>En caso de que sienta vulnerados sus derechos en lo concerniente a la protecci\u00f3n de sus datos personales, especialmente cuando no haya obtenido satisfacci\u00f3n en el ejercicio de sus derechos, puede presentar una reclamaci\u00f3n ante la Autoridad de Control en materia de Protecci\u00f3n de Datos competente a trav\u00e9s de su sitio web: www.agpd.es.<\/p>\n\n\n\n<p><strong>\u00bfC\u00f3mo hemos obtenido sus datos?<\/strong><\/p>\n\n\n\n<p>Los datos personales que tratamos proceden del propio interesado o representante legal.<\/p>\n","protected":false},"excerpt":{"rendered":"<p>El sitio web\u00a0https:\/\/psicologiacongracia.es\/ es propiedad de\u00a0Gracia Velasco Naval, con CIF 25736426R, y domicilio en Calle Sagitario 3, bloque 1 n\u00famero [&hellip;]<\/p>\n","protected":false},"author":1,"featured_media":0,"parent":0,"menu_order":0,"comment_status":"closed","ping_status":"closed","template":"","meta":{"site-sidebar-layout":"default","site-content-layout":"","ast-site-content-layout":"","site-content-style":"default","site-sidebar-style":"default","ast-global-header-display":"","ast-banner-title-visibility":"","ast-main-header-display":"","ast-hfb-above-header-display":"","ast-hfb-below-header-display":"","ast-hfb-mobile-header-display":"","site-post-title":"","ast-breadcrumbs-content":"","ast-featured-img":"","footer-sml-layout":"","theme-transparent-header-meta":"","adv-header-id-meta":"","stick-header-meta":"","header-above-stick-meta":"","header-main-stick-meta":"","header-below-stick-meta":"","astra-migrate-meta-layouts":"default","ast-page-background-enabled":"default","ast-page-background-meta":{"desktop":{"background-color":"var(--ast-global-color-4)","background-image":"","background-repeat":"repeat","background-position":"center center","background-size":"auto","background-attachment":"scroll","background-type":"","background-media":"","overlay-type":"","overlay-color":"","overlay-opacity":"","overlay-gradient":""},"tablet":{"background-color":"","background-image":"","background-repeat":"repeat","background-position":"center center","background-size":"auto","background-attachment":"scroll","background-type":"","background-media":"","overlay-type":"","overlay-color":"","overlay-opacity":"","overlay-gradient":""},"mobile":{"background-color":"","background-image":"","background-repeat":"repeat","background-position":"center center","background-size":"auto","background-attachment":"scroll","background-type":"","background-media":"","overlay-type":"","overlay-color":"","overlay-opacity":"","overlay-gradient":""}},"ast-content-background-meta":{"desktop":{"background-color":"var(--ast-global-color-5)","background-image":"","background-repeat":"repeat","background-position":"center center","background-size":"auto","background-attachment":"scroll","background-type":"","background-media":"","overlay-type":"","overlay-color":"","overlay-opacity":"","overlay-gradient":""},"tablet":{"background-color":"var(--ast-global-color-5)","background-image":"","background-repeat":"repeat","background-position":"center center","background-size":"auto","background-attachment":"scroll","background-type":"","background-media":"","overlay-type":"","overlay-color":"","overlay-opacity":"","overlay-gradient":""},"mobile":{"background-color":"var(--ast-global-color-5)","background-image":"","background-repeat":"repeat","background-position":"center center","background-size":"auto","background-attachment":"scroll","background-type":"","background-media":"","overlay-type":"","overlay-color":"","overlay-opacity":"","overlay-gradient":""}},"_joinchat":[],"footnotes":""},"class_list":["post-266","page","type-page","status-publish","hentry"],"yoast_head":"<!-- This site is optimized with the Yoast SEO plugin v23.6 - https:\/\/yoast.com\/wordpress\/plugins\/seo\/ -->\n<title>Pol\u00edtica de Privacidad - Psicolog\u00eda con Gracia<\/title>\n<meta name=\"robots\" content=\"index, follow, max-snippet:-1, max-image-preview:large, max-video-preview:-1\" \/>\n<link rel=\"canonical\" href=\"https:\/\/www.psicologiacongracia.com\/index.php\/politica-de-privacidad\/\" \/>\n<meta property=\"og:locale\" content=\"es_ES\" \/>\n<meta property=\"og:type\" content=\"article\" \/>\n<meta property=\"og:title\" content=\"Pol\u00edtica de Privacidad - Psicolog\u00eda con Gracia\" \/>\n<meta property=\"og:description\" content=\"El sitio web\u00a0https:\/\/psicologiacongracia.es\/ es propiedad de\u00a0Gracia Velasco Naval, con CIF 25736426R, y domicilio en Calle Sagitario 3, bloque 1 n\u00famero [&hellip;]\" \/>\n<meta property=\"og:url\" content=\"https:\/\/www.psicologiacongracia.com\/index.php\/politica-de-privacidad\/\" \/>\n<meta property=\"og:site_name\" content=\"Psicolog\u00eda con Gracia\" \/>\n<meta property=\"article:modified_time\" content=\"2024-09-13T06:17:22+00:00\" \/>\n<meta name=\"twitter:card\" content=\"summary_large_image\" \/>\n<meta name=\"twitter:label1\" content=\"Tiempo de lectura\" \/>\n\t<meta name=\"twitter:data1\" content=\"3 minutos\" \/>\n<script type=\"application\/ld+json\" class=\"yoast-schema-graph\">{\"@context\":\"https:\/\/schema.org\",\"@graph\":[{\"@type\":\"WebPage\",\"@id\":\"https:\/\/www.psicologiacongracia.com\/index.php\/politica-de-privacidad\/\",\"url\":\"https:\/\/www.psicologiacongracia.com\/index.php\/politica-de-privacidad\/\",\"name\":\"Pol\u00edtica de Privacidad - Psicolog\u00eda con Gracia\",\"isPartOf\":{\"@id\":\"https:\/\/www.psicologiacongracia.com\/#website\"},\"datePublished\":\"2024-09-13T06:09:36+00:00\",\"dateModified\":\"2024-09-13T06:17:22+00:00\",\"breadcrumb\":{\"@id\":\"https:\/\/www.psicologiacongracia.com\/index.php\/politica-de-privacidad\/#breadcrumb\"},\"inLanguage\":\"es\",\"potentialAction\":[{\"@type\":\"ReadAction\",\"target\":[\"https:\/\/www.psicologiacongracia.com\/index.php\/politica-de-privacidad\/\"]}]},{\"@type\":\"BreadcrumbList\",\"@id\":\"https:\/\/www.psicologiacongracia.com\/index.php\/politica-de-privacidad\/#breadcrumb\",\"itemListElement\":[{\"@type\":\"ListItem\",\"position\":1,\"name\":\"Portada\",\"item\":\"https:\/\/www.psicologiacongracia.com\/\"},{\"@type\":\"ListItem\",\"position\":2,\"name\":\"Pol\u00edtica de Privacidad\"}]},{\"@type\":\"WebSite\",\"@id\":\"https:\/\/www.psicologiacongracia.com\/#website\",\"url\":\"https:\/\/www.psicologiacongracia.com\/\",\"name\":\"Psicolog\u00eda con Gracia\",\"description\":\"Tu espacio seguro para crecer y sanar.\u200b\",\"publisher\":{\"@id\":\"https:\/\/www.psicologiacongracia.com\/#organization\"},\"potentialAction\":[{\"@type\":\"SearchAction\",\"target\":{\"@type\":\"EntryPoint\",\"urlTemplate\":\"https:\/\/www.psicologiacongracia.com\/?s={search_term_string}\"},\"query-input\":{\"@type\":\"PropertyValueSpecification\",\"valueRequired\":true,\"valueName\":\"search_term_string\"}}],\"inLanguage\":\"es\"},{\"@type\":\"Organization\",\"@id\":\"https:\/\/www.psicologiacongracia.com\/#organization\",\"name\":\"Psicolog\u00eda con Gracia\",\"url\":\"https:\/\/www.psicologiacongracia.com\/\",\"logo\":{\"@type\":\"ImageObject\",\"inLanguage\":\"es\",\"@id\":\"https:\/\/www.psicologiacongracia.com\/#\/schema\/logo\/image\/\",\"url\":\"https:\/\/www.psicologiacongracia.com\/wp-content\/uploads\/2024\/09\/Logo.svg\",\"contentUrl\":\"https:\/\/www.psicologiacongracia.com\/wp-content\/uploads\/2024\/09\/Logo.svg\",\"width\":1080,\"height\":1639,\"caption\":\"Psicolog\u00eda con Gracia\"},\"image\":{\"@id\":\"https:\/\/www.psicologiacongracia.com\/#\/schema\/logo\/image\/\"}}]}<\/script>\n<!-- \/ Yoast SEO plugin. -->","yoast_head_json":{"title":"Pol\u00edtica de Privacidad - Psicolog\u00eda con Gracia","robots":{"index":"index","follow":"follow","max-snippet":"max-snippet:-1","max-image-preview":"max-image-preview:large","max-video-preview":"max-video-preview:-1"},"canonical":"https:\/\/www.psicologiacongracia.com\/index.php\/politica-de-privacidad\/","og_locale":"es_ES","og_type":"article","og_title":"Pol\u00edtica de Privacidad - Psicolog\u00eda con Gracia","og_description":"El sitio web\u00a0https:\/\/psicologiacongracia.es\/ es propiedad de\u00a0Gracia Velasco Naval, con CIF 25736426R, y domicilio en Calle Sagitario 3, bloque 1 n\u00famero [&hellip;]","og_url":"https:\/\/www.psicologiacongracia.com\/index.php\/politica-de-privacidad\/","og_site_name":"Psicolog\u00eda con Gracia","article_modified_time":"2024-09-13T06:17:22+00:00","twitter_card":"summary_large_image","twitter_misc":{"Tiempo de lectura":"3 minutos"},"schema":{"@context":"https:\/\/schema.org","@graph":[{"@type":"WebPage","@id":"https:\/\/www.psicologiacongracia.com\/index.php\/politica-de-privacidad\/","url":"https:\/\/www.psicologiacongracia.com\/index.php\/politica-de-privacidad\/","name":"Pol\u00edtica de Privacidad - Psicolog\u00eda con Gracia","isPartOf":{"@id":"https:\/\/www.psicologiacongracia.com\/#website"},"datePublished":"2024-09-13T06:09:36+00:00","dateModified":"2024-09-13T06:17:22+00:00","breadcrumb":{"@id":"https:\/\/www.psicologiacongracia.com\/index.php\/politica-de-privacidad\/#breadcrumb"},"inLanguage":"es","potentialAction":[{"@type":"ReadAction","target":["https:\/\/www.psicologiacongracia.com\/index.php\/politica-de-privacidad\/"]}]},{"@type":"BreadcrumbList","@id":"https:\/\/www.psicologiacongracia.com\/index.php\/politica-de-privacidad\/#breadcrumb","itemListElement":[{"@type":"ListItem","position":1,"name":"Portada","item":"https:\/\/www.psicologiacongracia.com\/"},{"@type":"ListItem","position":2,"name":"Pol\u00edtica de Privacidad"}]},{"@type":"WebSite","@id":"https:\/\/www.psicologiacongracia.com\/#website","url":"https:\/\/www.psicologiacongracia.com\/","name":"Psicolog\u00eda con Gracia","description":"Tu espacio seguro para crecer y sanar.\u200b","publisher":{"@id":"https:\/\/www.psicologiacongracia.com\/#organization"},"potentialAction":[{"@type":"SearchAction","target":{"@type":"EntryPoint","urlTemplate":"https:\/\/www.psicologiacongracia.com\/?s={search_term_string}"},"query-input":{"@type":"PropertyValueSpecification","valueRequired":true,"valueName":"search_term_string"}}],"inLanguage":"es"},{"@type":"Organization","@id":"https:\/\/www.psicologiacongracia.com\/#organization","name":"Psicolog\u00eda con Gracia","url":"https:\/\/www.psicologiacongracia.com\/","logo":{"@type":"ImageObject","inLanguage":"es","@id":"https:\/\/www.psicologiacongracia.com\/#\/schema\/logo\/image\/","url":"https:\/\/www.psicologiacongracia.com\/wp-content\/uploads\/2024\/09\/Logo.svg","contentUrl":"https:\/\/www.psicologiacongracia.com\/wp-content\/uploads\/2024\/09\/Logo.svg","width":1080,"height":1639,"caption":"Psicolog\u00eda con Gracia"},"image":{"@id":"https:\/\/www.psicologiacongracia.com\/#\/schema\/logo\/image\/"}}]}},"_links":{"self":[{"href":"https:\/\/www.psicologiacongracia.com\/index.php\/wp-json\/wp\/v2\/pages\/266","targetHints":{"allow":["GET"]}}],"collection":[{"href":"https:\/\/www.psicologiacongracia.com\/index.php\/wp-json\/wp\/v2\/pages"}],"about":[{"href":"https:\/\/www.psicologiacongracia.com\/index.php\/wp-json\/wp\/v2\/types\/page"}],"author":[{"embeddable":true,"href":"https:\/\/www.psicologiacongracia.com\/index.php\/wp-json\/wp\/v2\/users\/1"}],"replies":[{"embeddable":true,"href":"https:\/\/www.psicologiacongracia.com\/index.php\/wp-json\/wp\/v2\/comments?post=266"}],"version-history":[{"count":3,"href":"https:\/\/www.psicologiacongracia.com\/index.php\/wp-json\/wp\/v2\/pages\/266\/revisions"}],"predecessor-version":[{"id":269,"href":"https:\/\/www.psicologiacongracia.com\/index.php\/wp-json\/wp\/v2\/pages\/266\/revisions\/269"}],"wp:attachment":[{"href":"https:\/\/www.psicologiacongracia.com\/index.php\/wp-json\/wp\/v2\/media?parent=266"}],"curies":[{"name":"wp","href":"https:\/\/api.w.org\/{rel}","templated":true}]}}